{"id":358,"date":"2021-06-09T15:11:54","date_gmt":"2021-06-09T15:11:54","guid":{"rendered":"https:\/\/dtnetservice.de\/?page_id=358"},"modified":"2024-10-02T08:25:54","modified_gmt":"2024-10-02T08:25:54","slug":"impressum","status":"publish","type":"page","link":"https:\/\/dtnetservice.de\/en\/impressum\/","title":{"rendered":"Impressum"},"content":{"rendered":"<div class=\"articlearea\">\r\n<h2 class=\"wp-block-heading\"><strong>D. T. NET Service OHG<\/strong><\/h2>\r\n<p>Parkstra\u00dfe 8<br \/>91413 Neustadt an der Aisch<\/p>\r\n<p>Telefon: 09161 \u2013 872 990<br \/>Telefax: 09161 \u2013 872 992 9<br \/>E-Mail: support@dtnetservice.de<\/p>\r\n<p>Inhaber: Jens und Peter Rudolph<br \/>HRA 9099<\/p>\r\n<h3><strong>Haftungshinweis<\/strong><\/h3>\r\n<p>Alle auf dieser Website enthaltenen Informationen wurden mit gro\u00dfer Sorgfalt gepr\u00fcft. Wir \u00fcbernehmen jedoch keine Gew\u00e4hr daf\u00fcr, dass die Inhalte unserer eigenen Webseiten jederzeit korrekt, vollst\u00e4ndig und auf dem neuesten Stand sind. Wir verweisen gelegentlich auf die Webseiten Dritter. Obwohl wir diese Dritten sorgf\u00e4ltig aussuchen, k\u00f6nnen wir keine Gew\u00e4hr und Haftung f\u00fcr die Richtigkeit bzw. Vollst\u00e4ndigkeit der Inhalte und die Datensicherheit von Websites Dritter \u00fcbernehmen. Unsere Datenschutzerkl\u00e4rung (Bereich \u201cDatenschutz\u201d in der Fu\u00dfzeile dieser Webseite) bezieht sich ausschlie\u00dflich auf unsere Seiten und nicht auf Seiten und Inhalte Dritter, auf die wir verlinken.<\/p>\r\n<\/div>\r\n<div class=\"articlearea\">\r\n<h3 class=\"articlearea\"><strong>Copyright und Urheberrechte<\/strong><\/h3>\r\n<p class=\"articlearea\">\u00a9 D.T. NET Service. Alle Rechte vorbehalten. Die Inhalte unserer Webseite unterliegen dem Schutz des Urheberrechts und anderer Schutzgesetze. Der Inhalt dieser Webseite darf nicht zu kommerziellen Zwecken kopiert, verbreitet, ver\u00e4ndert oder Dritten zug\u00e4nglich gemacht werden. Wir weisen daraufhin hin, dass die auf der Webseite enthaltenen Inhalte teilweise dem Urheberrecht Dritter unterliegen.<\/p>\r\n<\/div>\r\n<h3><strong>Quellenangaben f\u00fcr die verwendeten Bilder und Grafiken:<\/strong><\/h3>\r\n<p>Neben eigenen Bildern auf dieser Webseite wurden die verwendeten Fotographien von folgenden Fotoagenturen bezogen:<a href=\"http:\/\/de.123rf.com\/\">\u00a0http:\/\/de.123rf.com\/<\/a>, iStock.com, AdobeStock. Die Bilderlizenzen wurden von D.T.Net Service OHG f\u00fcr diese Seite erworben.<\/p>","protected":false},"excerpt":{"rendered":"<p>D. T. NET Service OHG Parkstra\u00dfe 891413 Neustadt an der Aisch Telefon: 09161 \u2013 872 990Telefax: 09161 \u2013 872 992 9E-Mail: support@dtnetservice.de Inhaber: Jens und Peter RudolphHRA 9099 Haftungshinweis Alle auf dieser Website enthaltenen Informationen wurden mit gro\u00dfer Sorgfalt gepr\u00fcft. Wir \u00fcbernehmen jedoch keine Gew\u00e4hr daf\u00fcr, dass die Inhalte unserer eigenen Webseiten jederzeit korrekt, vollst\u00e4ndig [&hellip;]<\/p>","protected":false},"author":9,"featured_media":0,"parent":0,"menu_order":0,"comment_status":"closed","ping_status":"closed","template":"","meta":{"footnotes":""},"class_list":["post-358","page","type-page","status-publish","hentry"],"acf":[],"yoast_head":"<!-- This site is optimized with the Yoast SEO plugin v26.8 - https:\/\/yoast.com\/product\/yoast-seo-wordpress\/ -->\n<title>Impressum - DT Net Service<\/title>\n<meta name=\"robots\" content=\"index, follow, max-snippet:-1, max-image-preview:large, max-video-preview:-1\" \/>\n<link rel=\"canonical\" href=\"https:\/\/dtnetservice.de\/en\/impressum\/\" \/>\n<meta property=\"og:locale\" content=\"en_US\" \/>\n<meta property=\"og:type\" content=\"article\" \/>\n<meta property=\"og:title\" content=\"Impressum - DT Net Service\" \/>\n<meta property=\"og:description\" content=\"D. T. NET Service OHG Parkstra\u00dfe 891413 Neustadt an der Aisch Telefon: 09161 \u2013 872 990Telefax: 09161 \u2013 872 992 9E-Mail: support@dtnetservice.de Inhaber: Jens und Peter RudolphHRA 9099 Haftungshinweis Alle auf dieser Website enthaltenen Informationen wurden mit gro\u00dfer Sorgfalt gepr\u00fcft. Wir \u00fcbernehmen jedoch keine Gew\u00e4hr daf\u00fcr, dass die Inhalte unserer eigenen Webseiten jederzeit korrekt, vollst\u00e4ndig [&hellip;]\" \/>\n<meta property=\"og:url\" content=\"https:\/\/dtnetservice.de\/en\/impressum\/\" \/>\n<meta property=\"og:site_name\" content=\"DT Net Service\" \/>\n<meta property=\"article:modified_time\" content=\"2024-10-02T08:25:54+00:00\" \/>\n<meta name=\"twitter:card\" content=\"summary_large_image\" \/>\n<meta name=\"twitter:label1\" content=\"Est. reading time\" \/>\n\t<meta name=\"twitter:data1\" content=\"1 minute\" \/>\n<script type=\"application\/ld+json\" class=\"yoast-schema-graph\">{\"@context\":\"https:\/\/schema.org\",\"@graph\":[{\"@type\":\"WebPage\",\"@id\":\"https:\/\/dtnetservice.de\/impressum\/\",\"url\":\"https:\/\/dtnetservice.de\/impressum\/\",\"name\":\"Impressum - DT Net Service\",\"isPartOf\":{\"@id\":\"https:\/\/dtnetservice.de\/#website\"},\"datePublished\":\"2021-06-09T15:11:54+00:00\",\"dateModified\":\"2024-10-02T08:25:54+00:00\",\"breadcrumb\":{\"@id\":\"https:\/\/dtnetservice.de\/impressum\/#breadcrumb\"},\"inLanguage\":\"en-US\",\"potentialAction\":[{\"@type\":\"ReadAction\",\"target\":[\"https:\/\/dtnetservice.de\/impressum\/\"]}]},{\"@type\":\"BreadcrumbList\",\"@id\":\"https:\/\/dtnetservice.de\/impressum\/#breadcrumb\",\"itemListElement\":[{\"@type\":\"ListItem\",\"position\":1,\"name\":\"Home\",\"item\":\"https:\/\/dtnetservice.de\/\"},{\"@type\":\"ListItem\",\"position\":2,\"name\":\"Impressum\"}]},{\"@type\":\"WebSite\",\"@id\":\"https:\/\/dtnetservice.de\/#website\",\"url\":\"https:\/\/dtnetservice.de\/\",\"name\":\"DT Net Service\",\"description\":\"\",\"potentialAction\":[{\"@type\":\"SearchAction\",\"target\":{\"@type\":\"EntryPoint\",\"urlTemplate\":\"https:\/\/dtnetservice.de\/?s={search_term_string}\"},\"query-input\":{\"@type\":\"PropertyValueSpecification\",\"valueRequired\":true,\"valueName\":\"search_term_string\"}}],\"inLanguage\":\"en-US\"}]}<\/script>\n<!-- \/ Yoast SEO plugin. -->","yoast_head_json":{"title":"Impressum - DT Net Service","robots":{"index":"index","follow":"follow","max-snippet":"max-snippet:-1","max-image-preview":"max-image-preview:large","max-video-preview":"max-video-preview:-1"},"canonical":"https:\/\/dtnetservice.de\/en\/impressum\/","og_locale":"en_US","og_type":"article","og_title":"Impressum - DT Net Service","og_description":"D. T. NET Service OHG Parkstra\u00dfe 891413 Neustadt an der Aisch Telefon: 09161 \u2013 872 990Telefax: 09161 \u2013 872 992 9E-Mail: support@dtnetservice.de Inhaber: Jens und Peter RudolphHRA 9099 Haftungshinweis Alle auf dieser Website enthaltenen Informationen wurden mit gro\u00dfer Sorgfalt gepr\u00fcft. Wir \u00fcbernehmen jedoch keine Gew\u00e4hr daf\u00fcr, dass die Inhalte unserer eigenen Webseiten jederzeit korrekt, vollst\u00e4ndig [&hellip;]","og_url":"https:\/\/dtnetservice.de\/en\/impressum\/","og_site_name":"DT Net Service","article_modified_time":"2024-10-02T08:25:54+00:00","twitter_card":"summary_large_image","twitter_misc":{"Est. reading time":"1 minute"},"schema":{"@context":"https:\/\/schema.org","@graph":[{"@type":"WebPage","@id":"https:\/\/dtnetservice.de\/impressum\/","url":"https:\/\/dtnetservice.de\/impressum\/","name":"Impressum - DT Net Service","isPartOf":{"@id":"https:\/\/dtnetservice.de\/#website"},"datePublished":"2021-06-09T15:11:54+00:00","dateModified":"2024-10-02T08:25:54+00:00","breadcrumb":{"@id":"https:\/\/dtnetservice.de\/impressum\/#breadcrumb"},"inLanguage":"en-US","potentialAction":[{"@type":"ReadAction","target":["https:\/\/dtnetservice.de\/impressum\/"]}]},{"@type":"BreadcrumbList","@id":"https:\/\/dtnetservice.de\/impressum\/#breadcrumb","itemListElement":[{"@type":"ListItem","position":1,"name":"Home","item":"https:\/\/dtnetservice.de\/"},{"@type":"ListItem","position":2,"name":"Impressum"}]},{"@type":"WebSite","@id":"https:\/\/dtnetservice.de\/#website","url":"https:\/\/dtnetservice.de\/","name":"DT Net Service","description":"","potentialAction":[{"@type":"SearchAction","target":{"@type":"EntryPoint","urlTemplate":"https:\/\/dtnetservice.de\/?s={search_term_string}"},"query-input":{"@type":"PropertyValueSpecification","valueRequired":true,"valueName":"search_term_string"}}],"inLanguage":"en-US"}]}},"_links":{"self":[{"href":"https:\/\/dtnetservice.de\/en\/wp-json\/wp\/v2\/pages\/358","targetHints":{"allow":["GET"]}}],"collection":[{"href":"https:\/\/dtnetservice.de\/en\/wp-json\/wp\/v2\/pages"}],"about":[{"href":"https:\/\/dtnetservice.de\/en\/wp-json\/wp\/v2\/types\/page"}],"author":[{"embeddable":true,"href":"https:\/\/dtnetservice.de\/en\/wp-json\/wp\/v2\/users\/9"}],"replies":[{"embeddable":true,"href":"https:\/\/dtnetservice.de\/en\/wp-json\/wp\/v2\/comments?post=358"}],"version-history":[{"count":3,"href":"https:\/\/dtnetservice.de\/en\/wp-json\/wp\/v2\/pages\/358\/revisions"}],"predecessor-version":[{"id":3015,"href":"https:\/\/dtnetservice.de\/en\/wp-json\/wp\/v2\/pages\/358\/revisions\/3015"}],"wp:attachment":[{"href":"https:\/\/dtnetservice.de\/en\/wp-json\/wp\/v2\/media?parent=358"}],"curies":[{"name":"wp","href":"https:\/\/api.w.org\/{rel}","templated":true}]}}